{"id":4803,"date":"2026-03-20T07:52:59","date_gmt":"2026-03-20T07:52:59","guid":{"rendered":"https:\/\/shop.cart-city.com\/produit\/carrito-infantil-25-l\/"},"modified":"2026-04-07T09:46:42","modified_gmt":"2026-04-07T07:46:42","slug":"carrito-infantil-25-l","status":"publish","type":"product","link":"https:\/\/shop.cart-city.com\/es\/produit\/carrito-infantil-25-l\/","title":{"rendered":"Carrito infantil 25 L"},"content":{"rendered":"<h3><strong>Carrito de compra de supermercado para ni\u00f1os<\/strong><\/h3>\n<h5><strong><em>\u00a1Una experiencia de compra divertida en familia!<\/em><\/strong><\/h5>\n<p>Ofrezca a los m\u00e1s peque\u00f1os una experiencia \u00fanica y divertida con nuestro carrito de compra de supermercado de metal para ni\u00f1os (25 L). Dise\u00f1ado para parecerse a los carritos reales, permite a los ni\u00f1os participar en la compra como los mayores.<\/p>\n","protected":false},"excerpt":{"rendered":"<p>\ud83d\ude9a Entrega orientativa: +\/- 10 d\u00edas<\/p>\n<p><em><strong>Pedido m\u00ednimo:<\/strong> 10 unidades<\/em><\/p>\n<div style=\"border: 2px solid #f17136; padding: 14px; border-radius: 6px; background: #fff; max-width: 420px;\">\n<p><strong style=\"color: #f17136;\">TARIFAS DECRECIENTES<\/strong><\/p>\n<p>20+ unidades: <strong>69 \u20ac sin IVA<\/strong><\/p>\n<p><em style=\"font-size: 0.9em; color: #555;\">Las tarifas decrecientes se aplican autom\u00e1ticamente seg\u00fan la cantidad. <strong>El total exacto sin IVA se mostrar\u00e1 en la cesta<\/strong>.<br \/>\n<\/em><\/p>\n<\/div>\n<p>&nbsp;<\/p>\n<p>Capacidad: <strong>25 L<\/strong><br \/>\nPeso: <strong>3,5 kg<\/strong><br \/>\nAncho: <strong>35,3 cm<\/strong><br \/>\nLongitud: <strong>48,5 cm<\/strong><br \/>\nRuedas: <strong>Giratorias de 50 mm<\/strong><br \/>\nMaterial: <strong>Acero galvanizado <\/strong><\/p>\n","protected":false},"featured_media":4804,"comment_status":"open","ping_status":"closed","template":"","meta":{"site-sidebar-layout":"default","site-content-layout":"","ast-site-content-layout":"default","site-content-style":"default","site-sidebar-style":"default","ast-global-header-display":"","ast-banner-title-visibility":"","ast-main-header-display":"","ast-hfb-above-header-display":"","ast-hfb-below-header-display":"","ast-hfb-mobile-header-display":"","site-post-title":"","ast-breadcrumbs-content":"","ast-featured-img":"","footer-sml-layout":"","ast-disable-related-posts":"","theme-transparent-header-meta":"default","adv-header-id-meta":"","stick-header-meta":"default","header-above-stick-meta":"","header-main-stick-meta":"","header-below-stick-meta":"","astra-migrate-meta-layouts":"set","ast-page-background-enabled":"default","ast-page-background-meta":{"desktop":{"background-color":"var(--ast-global-color-4)","background-image":"","background-repeat":"repeat","background-position":"center center","background-size":"auto","background-attachment":"scroll","background-type":"","background-media":"","overlay-type":"","overlay-color":"","overlay-opacity":"","overlay-gradient":""},"tablet":{"background-color":"","background-image":"","background-repeat":"repeat","background-position":"center center","background-size":"auto","background-attachment":"scroll","background-type":"","background-media":"","overlay-type":"","overlay-color":"","overlay-opacity":"","overlay-gradient":""},"mobile":{"background-color":"","background-image":"","background-repeat":"repeat","background-position":"center center","background-size":"auto","background-attachment":"scroll","background-type":"","background-media":"","overlay-type":"","overlay-color":"","overlay-opacity":"","overlay-gradient":""}},"ast-content-background-meta":{"desktop":{"background-color":"var(--ast-global-color-5)","background-image":"","background-repeat":"repeat","background-position":"center center","background-size":"auto","background-attachment":"scroll","background-type":"","background-media":"","overlay-type":"","overlay-color":"","overlay-opacity":"","overlay-gradient":""},"tablet":{"background-color":"var(--ast-global-color-5)","background-image":"","background-repeat":"repeat","background-position":"center center","background-size":"auto","background-attachment":"scroll","background-type":"","background-media":"","overlay-type":"","overlay-color":"","overlay-opacity":"","overlay-gradient":""},"mobile":{"background-color":"var(--ast-global-color-5)","background-image":"","background-repeat":"repeat","background-position":"center center","background-size":"auto","background-attachment":"scroll","background-type":"","background-media":"","overlay-type":"","overlay-color":"","overlay-opacity":"","overlay-gradient":""}}},"product_brand":[],"product_cat":[110],"product_tag":[],"class_list":{"0":"post-4803","1":"product","2":"type-product","3":"status-publish","4":"has-post-thumbnail","6":"product_cat-carritos","7":"desktop-align-center","8":"tablet-align-left","9":"mobile-align-left","10":"ast-product-gallery-layout-first-image-large","11":"ast-magnify-disabled","12":"ast-product-tabs-layout-accordion","13":"ast-qv-on-image","15":"first","16":"instock","17":"taxable","18":"shipping-taxable","19":"purchasable","20":"product-type-simple"},"group_of_quantity":0,"min_quantity":10,"max_quantity":"","exclude_order_quantity_value_rules":"no","exclude_category_quantity_rules":"no","combine_variations":"no","_links":{"self":[{"href":"https:\/\/shop.cart-city.com\/es\/wp-json\/wp\/v2\/product\/4803","targetHints":{"allow":["GET"]}}],"collection":[{"href":"https:\/\/shop.cart-city.com\/es\/wp-json\/wp\/v2\/product"}],"about":[{"href":"https:\/\/shop.cart-city.com\/es\/wp-json\/wp\/v2\/types\/product"}],"replies":[{"embeddable":true,"href":"https:\/\/shop.cart-city.com\/es\/wp-json\/wp\/v2\/comments?post=4803"}],"version-history":[{"count":1,"href":"https:\/\/shop.cart-city.com\/es\/wp-json\/wp\/v2\/product\/4803\/revisions"}],"predecessor-version":[{"id":6085,"href":"https:\/\/shop.cart-city.com\/es\/wp-json\/wp\/v2\/product\/4803\/revisions\/6085"}],"wp:featuredmedia":[{"embeddable":true,"href":"https:\/\/shop.cart-city.com\/es\/wp-json\/wp\/v2\/media\/4804"}],"wp:attachment":[{"href":"https:\/\/shop.cart-city.com\/es\/wp-json\/wp\/v2\/media?parent=4803"}],"wp:term":[{"taxonomy":"product_brand","embeddable":true,"href":"https:\/\/shop.cart-city.com\/es\/wp-json\/wp\/v2\/product_brand?post=4803"},{"taxonomy":"product_cat","embeddable":true,"href":"https:\/\/shop.cart-city.com\/es\/wp-json\/wp\/v2\/product_cat?post=4803"},{"taxonomy":"product_tag","embeddable":true,"href":"https:\/\/shop.cart-city.com\/es\/wp-json\/wp\/v2\/product_tag?post=4803"}],"curies":[{"name":"wp","href":"https:\/\/api.w.org\/{rel}","templated":true}]}}