{"id":4852,"date":"2026-03-22T08:39:54","date_gmt":"2026-03-22T08:39:54","guid":{"rendered":"https:\/\/shop.cart-city.com\/produit\/cesta-con-ruedas-80l\/"},"modified":"2026-04-01T14:39:27","modified_gmt":"2026-04-01T14:39:27","slug":"cesta-con-ruedas-80l","status":"publish","type":"product","link":"https:\/\/shop.cart-city.com\/es\/produit\/cesta-con-ruedas-80l\/","title":{"rendered":"Cesta con Ruedas 80L"},"content":{"rendered":"<h3><strong>Cesta con Ruedas 80L<\/strong><\/h3>\n<h5><strong><em>G<\/em><\/strong><strong><em>ran Volumen y M\u00e1xima Maniobrabilidad<\/em><\/strong><\/h5>\n<p>Ofrezca a sus clientes una soluci\u00f3n de transporte pr\u00e1ctica y robusta con nuestra cesta con ruedas de 80 litros, dise\u00f1ada para las necesidades de las tiendas modernas.<\/p>\n","protected":false},"excerpt":{"rendered":"<p>\ud83d\ude9a Entrega indicativa: +\/- 10 d\u00edas h\u00e1biles<\/p>\n<p><em><strong>Pedido m\u00ednimo:<\/strong> 10 unidades, despu\u00e9s en packs de 5 <\/em><\/p>\n<p>Capacidad: <strong>80 l<\/strong><br \/>\nPeso: <strong>2,60 kg<\/strong><br \/>\nDimensiones: <strong>49 x 43 x 53 cm<\/strong><br \/>\nApilable:<br \/>\nCarga m\u00e1xima recomendada: <strong>40 kg<\/strong><br \/>\nMaterial: <strong>Pl\u00e1stico Polipropileno<\/strong><\/p>\n<p><strong><em>Fabricado en Europa<\/em><\/strong><\/p>\n","protected":false},"featured_media":4853,"comment_status":"open","ping_status":"closed","template":"","meta":{"site-sidebar-layout":"default","site-content-layout":"","ast-site-content-layout":"default","site-content-style":"default","site-sidebar-style":"default","ast-global-header-display":"","ast-banner-title-visibility":"","ast-main-header-display":"","ast-hfb-above-header-display":"","ast-hfb-below-header-display":"","ast-hfb-mobile-header-display":"","site-post-title":"","ast-breadcrumbs-content":"","ast-featured-img":"","footer-sml-layout":"","ast-disable-related-posts":"","theme-transparent-header-meta":"default","adv-header-id-meta":"","stick-header-meta":"default","header-above-stick-meta":"","header-main-stick-meta":"","header-below-stick-meta":"","astra-migrate-meta-layouts":"set","ast-page-background-enabled":"default","ast-page-background-meta":{"desktop":{"background-color":"var(--ast-global-color-4)","background-image":"","background-repeat":"repeat","background-position":"center center","background-size":"auto","background-attachment":"scroll","background-type":"","background-media":"","overlay-type":"","overlay-color":"","overlay-opacity":"","overlay-gradient":""},"tablet":{"background-color":"","background-image":"","background-repeat":"repeat","background-position":"center center","background-size":"auto","background-attachment":"scroll","background-type":"","background-media":"","overlay-type":"","overlay-color":"","overlay-opacity":"","overlay-gradient":""},"mobile":{"background-color":"","background-image":"","background-repeat":"repeat","background-position":"center center","background-size":"auto","background-attachment":"scroll","background-type":"","background-media":"","overlay-type":"","overlay-color":"","overlay-opacity":"","overlay-gradient":""}},"ast-content-background-meta":{"desktop":{"background-color":"var(--ast-global-color-5)","background-image":"","background-repeat":"repeat","background-position":"center center","background-size":"auto","background-attachment":"scroll","background-type":"","background-media":"","overlay-type":"","overlay-color":"","overlay-opacity":"","overlay-gradient":""},"tablet":{"background-color":"var(--ast-global-color-5)","background-image":"","background-repeat":"repeat","background-position":"center center","background-size":"auto","background-attachment":"scroll","background-type":"","background-media":"","overlay-type":"","overlay-color":"","overlay-opacity":"","overlay-gradient":""},"mobile":{"background-color":"var(--ast-global-color-5)","background-image":"","background-repeat":"repeat","background-position":"center center","background-size":"auto","background-attachment":"scroll","background-type":"","background-media":"","overlay-type":"","overlay-color":"","overlay-opacity":"","overlay-gradient":""}}},"product_brand":[],"product_cat":[97],"product_tag":[],"class_list":{"0":"post-4852","1":"product","2":"type-product","3":"status-publish","4":"has-post-thumbnail","6":"product_cat-cestas","7":"pa_couleur-azul","8":"pa_couleur-negro","9":"pa_couleur-rojo","10":"desktop-align-center","11":"tablet-align-left","12":"mobile-align-left","13":"ast-product-gallery-layout-first-image-large","14":"ast-magnify-disabled","15":"ast-product-single-variable","16":"ast-product-tabs-layout-accordion","17":"ast-qv-on-image","19":"first","20":"instock","21":"taxable","22":"shipping-taxable","23":"purchasable","24":"product-type-variable","25":"has-default-attributes","26":"wvs-archive-product-wrapper"},"group_of_quantity":5,"min_quantity":10,"max_quantity":"","exclude_order_quantity_value_rules":"no","exclude_category_quantity_rules":"no","combine_variations":"no","_links":{"self":[{"href":"https:\/\/shop.cart-city.com\/es\/wp-json\/wp\/v2\/product\/4852","targetHints":{"allow":["GET"]}}],"collection":[{"href":"https:\/\/shop.cart-city.com\/es\/wp-json\/wp\/v2\/product"}],"about":[{"href":"https:\/\/shop.cart-city.com\/es\/wp-json\/wp\/v2\/types\/product"}],"replies":[{"embeddable":true,"href":"https:\/\/shop.cart-city.com\/es\/wp-json\/wp\/v2\/comments?post=4852"}],"version-history":[{"count":1,"href":"https:\/\/shop.cart-city.com\/es\/wp-json\/wp\/v2\/product\/4852\/revisions"}],"predecessor-version":[{"id":6126,"href":"https:\/\/shop.cart-city.com\/es\/wp-json\/wp\/v2\/product\/4852\/revisions\/6126"}],"wp:featuredmedia":[{"embeddable":true,"href":"https:\/\/shop.cart-city.com\/es\/wp-json\/wp\/v2\/media\/4853"}],"wp:attachment":[{"href":"https:\/\/shop.cart-city.com\/es\/wp-json\/wp\/v2\/media?parent=4852"}],"wp:term":[{"taxonomy":"product_brand","embeddable":true,"href":"https:\/\/shop.cart-city.com\/es\/wp-json\/wp\/v2\/product_brand?post=4852"},{"taxonomy":"product_cat","embeddable":true,"href":"https:\/\/shop.cart-city.com\/es\/wp-json\/wp\/v2\/product_cat?post=4852"},{"taxonomy":"product_tag","embeddable":true,"href":"https:\/\/shop.cart-city.com\/es\/wp-json\/wp\/v2\/product_tag?post=4852"}],"curies":[{"name":"wp","href":"https:\/\/api.w.org\/{rel}","templated":true}]}}