{"id":4931,"date":"2026-03-23T07:55:01","date_gmt":"2026-03-23T07:55:01","guid":{"rendered":"https:\/\/shop.cart-city.com\/produit\/roll-conteneur-metalico-ancho-3-laterales\/"},"modified":"2026-04-07T10:17:21","modified_gmt":"2026-04-07T08:17:21","slug":"roll-conteneur-metalico-ancho-3-laterales","status":"publish","type":"product","link":"https:\/\/shop.cart-city.com\/es\/produit\/roll-conteneur-metalico-ancho-3-laterales\/","title":{"rendered":"Roll Contenedor metalico ancho \u2014 3 laterales"},"content":{"rendered":"<h3>Roll Contenedor met\u00e1lico ancho \u2014 3 laterales<\/h3>\n<p class=\"p1\">Dise\u00f1ado para grandes vol\u00famenes. Su tama\u00f1o XL permite transportar el m\u00e1ximo de mercanc\u00eda en el menor n\u00famero de trayectos, manteniendo un f\u00e1cil acceso frontal.<\/p>\n","protected":false},"excerpt":{"rendered":"<p>\ud83d\ude9a Entrega estimada: +\/- 10 d\u00edas laborables<\/p>\n<p><em><strong>Pedido m\u00ednimo:<\/strong> 2 unidades<\/em><\/p>\n<div style=\"border: 2px solid #f17136; padding: 14px; border-radius: 6px; background: #fff; max-width: 420px;\">\n<p><strong style=\"color: #f17136;\">TARIFAS DEGRESSIVAS<\/strong><\/p>\n<p>5-9 unidades: <strong>325 \u20ac IVA no incl.<\/strong><br \/>\n10+ unidades: <strong>300 \u20ac IVA no incl.<\/strong><\/p>\n<p><em style=\"font-size: 0.9em; color: #555;\">Tarifas degressivas aplicadas autom\u00e1ticamente seg\u00fan la cantidad. <strong>El total exacto sin IVA se mostrar\u00e1 en el carrito<\/strong>.<br \/>\n<\/em><\/p>\n<\/div>\n<p>&nbsp;<\/p>\n<ul>\n<li>1 base equipada con 2 ruedas fijas y 2 ruedas giratorias.<\/li>\n<li>2 laterales, uno de ellos con panel de se\u00f1alizaci\u00f3n.<\/li>\n<li>1 panel trasero.<\/li>\n<li>Posibilidad de a\u00f1adir hasta 3 estantes.<\/li>\n<\/ul>\n<p>Dimensiones: <strong>170 x 78,3 x 118,5 cm<\/strong><br \/>\nCarga m\u00e1xima recomendada: 400<span class=\"wixui-rich-text__text\"> kg<\/span><br \/>\nAcabado:<strong><span class=\"wixui-rich-text__text\"> Cincado y barnizado<\/span><\/strong><\/p>\n<p><strong><em>Fabricado en Europa<\/em><\/strong><\/p>\n","protected":false},"featured_media":4932,"comment_status":"open","ping_status":"closed","template":"","meta":{"site-sidebar-layout":"default","site-content-layout":"","ast-site-content-layout":"default","site-content-style":"default","site-sidebar-style":"default","ast-global-header-display":"","ast-banner-title-visibility":"","ast-main-header-display":"","ast-hfb-above-header-display":"","ast-hfb-below-header-display":"","ast-hfb-mobile-header-display":"","site-post-title":"","ast-breadcrumbs-content":"","ast-featured-img":"","footer-sml-layout":"","ast-disable-related-posts":"","theme-transparent-header-meta":"default","adv-header-id-meta":"","stick-header-meta":"default","header-above-stick-meta":"","header-main-stick-meta":"","header-below-stick-meta":"","astra-migrate-meta-layouts":"set","ast-page-background-enabled":"default","ast-page-background-meta":{"desktop":{"background-color":"var(--ast-global-color-4)","background-image":"","background-repeat":"repeat","background-position":"center center","background-size":"auto","background-attachment":"scroll","background-type":"","background-media":"","overlay-type":"","overlay-color":"","overlay-opacity":"","overlay-gradient":""},"tablet":{"background-color":"","background-image":"","background-repeat":"repeat","background-position":"center center","background-size":"auto","background-attachment":"scroll","background-type":"","background-media":"","overlay-type":"","overlay-color":"","overlay-opacity":"","overlay-gradient":""},"mobile":{"background-color":"","background-image":"","background-repeat":"repeat","background-position":"center center","background-size":"auto","background-attachment":"scroll","background-type":"","background-media":"","overlay-type":"","overlay-color":"","overlay-opacity":"","overlay-gradient":""}},"ast-content-background-meta":{"desktop":{"background-color":"var(--ast-global-color-5)","background-image":"","background-repeat":"repeat","background-position":"center center","background-size":"auto","background-attachment":"scroll","background-type":"","background-media":"","overlay-type":"","overlay-color":"","overlay-opacity":"","overlay-gradient":""},"tablet":{"background-color":"var(--ast-global-color-5)","background-image":"","background-repeat":"repeat","background-position":"center center","background-size":"auto","background-attachment":"scroll","background-type":"","background-media":"","overlay-type":"","overlay-color":"","overlay-opacity":"","overlay-gradient":""},"mobile":{"background-color":"var(--ast-global-color-5)","background-image":"","background-repeat":"repeat","background-position":"center center","background-size":"auto","background-attachment":"scroll","background-type":"","background-media":"","overlay-type":"","overlay-color":"","overlay-opacity":"","overlay-gradient":""}}},"product_brand":[],"product_cat":[115],"product_tag":[],"class_list":{"0":"post-4931","1":"product","2":"type-product","3":"status-publish","4":"has-post-thumbnail","6":"product_cat-rolls","7":"product_shipping_class-carro","8":"desktop-align-center","9":"tablet-align-left","10":"mobile-align-left","11":"ast-product-gallery-layout-first-image-large","12":"ast-magnify-disabled","13":"ast-product-tabs-layout-accordion","14":"ast-qv-on-image","16":"first","17":"instock","18":"taxable","19":"shipping-taxable","20":"purchasable","21":"product-type-simple"},"group_of_quantity":0,"min_quantity":2,"max_quantity":"","exclude_order_quantity_value_rules":"no","exclude_category_quantity_rules":"no","combine_variations":"no","_links":{"self":[{"href":"https:\/\/shop.cart-city.com\/es\/wp-json\/wp\/v2\/product\/4931","targetHints":{"allow":["GET"]}}],"collection":[{"href":"https:\/\/shop.cart-city.com\/es\/wp-json\/wp\/v2\/product"}],"about":[{"href":"https:\/\/shop.cart-city.com\/es\/wp-json\/wp\/v2\/types\/product"}],"replies":[{"embeddable":true,"href":"https:\/\/shop.cart-city.com\/es\/wp-json\/wp\/v2\/comments?post=4931"}],"version-history":[{"count":3,"href":"https:\/\/shop.cart-city.com\/es\/wp-json\/wp\/v2\/product\/4931\/revisions"}],"predecessor-version":[{"id":6171,"href":"https:\/\/shop.cart-city.com\/es\/wp-json\/wp\/v2\/product\/4931\/revisions\/6171"}],"wp:featuredmedia":[{"embeddable":true,"href":"https:\/\/shop.cart-city.com\/es\/wp-json\/wp\/v2\/media\/4932"}],"wp:attachment":[{"href":"https:\/\/shop.cart-city.com\/es\/wp-json\/wp\/v2\/media?parent=4931"}],"wp:term":[{"taxonomy":"product_brand","embeddable":true,"href":"https:\/\/shop.cart-city.com\/es\/wp-json\/wp\/v2\/product_brand?post=4931"},{"taxonomy":"product_cat","embeddable":true,"href":"https:\/\/shop.cart-city.com\/es\/wp-json\/wp\/v2\/product_cat?post=4931"},{"taxonomy":"product_tag","embeddable":true,"href":"https:\/\/shop.cart-city.com\/es\/wp-json\/wp\/v2\/product_tag?post=4931"}],"curies":[{"name":"wp","href":"https:\/\/api.w.org\/{rel}","templated":true}]}}