{"id":5098,"date":"2026-03-19T11:36:29","date_gmt":"2026-03-19T11:36:29","guid":{"rendered":"https:\/\/shop.cart-city.com\/produit\/carrito-metalico-100-l\/"},"modified":"2026-04-07T09:21:08","modified_gmt":"2026-04-07T07:21:08","slug":"carrito-metalico-100-l","status":"publish","type":"product","link":"https:\/\/shop.cart-city.com\/es\/produit\/carrito-metalico-100-l\/","title":{"rendered":"Carrito Met\u00e1lico 100 L"},"content":{"rendered":"<h3><strong>CARRITO MET\u00c1LICO 100 L<\/strong><\/h3>\n<h5><strong>ROBUSTO, ERGON\u00d3MICO E IDEAL PARA SU TIENDA<\/strong><\/h5>\n<p>El carrito met\u00e1lico de 100 L est\u00e1 dise\u00f1ado para satisfacer las necesidades de supermercados, tiendas de comestibles y comercios minoristas de proximidad, ofreciendo un volumen optimizado y una gran resistencia para un uso diario intensivo.<\/p>\n","protected":false},"excerpt":{"rendered":"<p>\ud83d\ude9a Entrega estimada: +\/- 10 d\u00edas<\/p>\n<p><em><strong>Pedido m\u00ednimo:<\/strong> 10 unidades<\/em><\/p>\n<div style=\"border: 2px solid #f17136; padding: 14px; border-radius: 6px; background: #fff; max-width: 420px;\">\n<p><strong style=\"color: #f17136;\">TARIFAS DE ESCALA<\/strong><\/p>\n<p>20\u201329 unidades: <strong>119 \u20ac sin IVA<\/strong><br \/>\n30+ unidades: <strong>114 \u20ac sin IVA<\/strong><\/p>\n<p><em style=\"font-size: 0.9em; color: #555;\">Tarifas de escala aplicadas autom\u00e1ticamente seg\u00fan la cantidad. <strong>El total exacto sin IVA se mostrar\u00e1 en la cesta de compra<\/strong>.<br \/>\n<\/em><\/p>\n<\/div>\n<p>&nbsp;<\/p>\n<p>Capacidad: <strong>100 L<\/strong><br \/>\nAnchura: <strong>46,8 cm<\/strong><br \/>\nLongitud: <strong>84,3 cm<\/strong><br \/>\nRuedas: <strong>Giratorias de 100 mm<\/strong><br \/>\nDistancia de apilamiento: <strong>2 carritos = 13,5 cm<\/strong><br \/>\nMaterial: <strong>Acero Galvanizado <\/strong><br \/>\n<strong>Asiento para beb\u00e9<\/strong><\/p>\n<p><strong><em> <span class=\"details-product-attribute__value\">Fabricado en Europa<\/span><\/em><\/strong><\/p>\n","protected":false},"featured_media":5099,"comment_status":"open","ping_status":"closed","template":"","meta":{"site-sidebar-layout":"default","site-content-layout":"","ast-site-content-layout":"default","site-content-style":"default","site-sidebar-style":"default","ast-global-header-display":"","ast-banner-title-visibility":"","ast-main-header-display":"","ast-hfb-above-header-display":"","ast-hfb-below-header-display":"","ast-hfb-mobile-header-display":"","site-post-title":"","ast-breadcrumbs-content":"","ast-featured-img":"","footer-sml-layout":"","ast-disable-related-posts":"","theme-transparent-header-meta":"default","adv-header-id-meta":"","stick-header-meta":"default","header-above-stick-meta":"","header-main-stick-meta":"","header-below-stick-meta":"","astra-migrate-meta-layouts":"set","ast-page-background-enabled":"default","ast-page-background-meta":{"desktop":{"background-color":"var(--ast-global-color-4)","background-image":"","background-repeat":"repeat","background-position":"center center","background-size":"auto","background-attachment":"scroll","background-type":"","background-media":"","overlay-type":"","overlay-color":"","overlay-opacity":"","overlay-gradient":""},"tablet":{"background-color":"","background-image":"","background-repeat":"repeat","background-position":"center center","background-size":"auto","background-attachment":"scroll","background-type":"","background-media":"","overlay-type":"","overlay-color":"","overlay-opacity":"","overlay-gradient":""},"mobile":{"background-color":"","background-image":"","background-repeat":"repeat","background-position":"center center","background-size":"auto","background-attachment":"scroll","background-type":"","background-media":"","overlay-type":"","overlay-color":"","overlay-opacity":"","overlay-gradient":""}},"ast-content-background-meta":{"desktop":{"background-color":"var(--ast-global-color-5)","background-image":"","background-repeat":"repeat","background-position":"center center","background-size":"auto","background-attachment":"scroll","background-type":"","background-media":"","overlay-type":"","overlay-color":"","overlay-opacity":"","overlay-gradient":""},"tablet":{"background-color":"var(--ast-global-color-5)","background-image":"","background-repeat":"repeat","background-position":"center center","background-size":"auto","background-attachment":"scroll","background-type":"","background-media":"","overlay-type":"","overlay-color":"","overlay-opacity":"","overlay-gradient":""},"mobile":{"background-color":"var(--ast-global-color-5)","background-image":"","background-repeat":"repeat","background-position":"center center","background-size":"auto","background-attachment":"scroll","background-type":"","background-media":"","overlay-type":"","overlay-color":"","overlay-opacity":"","overlay-gradient":""}}},"product_brand":[],"product_cat":[110],"product_tag":[],"class_list":{"0":"post-5098","1":"product","2":"type-product","3":"status-publish","4":"has-post-thumbnail","6":"product_cat-carritos","7":"product_shipping_class-carro","8":"pa_couleur-azul","9":"pa_couleur-negro","10":"pa_couleur-rojo","11":"pa_couleur-verde","12":"desktop-align-center","13":"tablet-align-left","14":"mobile-align-left","15":"ast-product-gallery-layout-first-image-large","16":"ast-magnify-disabled","17":"ast-product-single-variable","18":"ast-product-tabs-layout-accordion","19":"ast-qv-on-image","21":"first","22":"instock","23":"taxable","24":"shipping-taxable","25":"purchasable","26":"product-type-variable","27":"has-default-attributes","28":"wvs-archive-product-wrapper"},"group_of_quantity":0,"min_quantity":10,"max_quantity":"","exclude_order_quantity_value_rules":"no","exclude_category_quantity_rules":"no","combine_variations":"no","_links":{"self":[{"href":"https:\/\/shop.cart-city.com\/es\/wp-json\/wp\/v2\/product\/5098","targetHints":{"allow":["GET"]}}],"collection":[{"href":"https:\/\/shop.cart-city.com\/es\/wp-json\/wp\/v2\/product"}],"about":[{"href":"https:\/\/shop.cart-city.com\/es\/wp-json\/wp\/v2\/types\/product"}],"replies":[{"embeddable":true,"href":"https:\/\/shop.cart-city.com\/es\/wp-json\/wp\/v2\/comments?post=5098"}],"version-history":[{"count":1,"href":"https:\/\/shop.cart-city.com\/es\/wp-json\/wp\/v2\/product\/5098\/revisions"}],"predecessor-version":[{"id":6068,"href":"https:\/\/shop.cart-city.com\/es\/wp-json\/wp\/v2\/product\/5098\/revisions\/6068"}],"wp:featuredmedia":[{"embeddable":true,"href":"https:\/\/shop.cart-city.com\/es\/wp-json\/wp\/v2\/media\/5099"}],"wp:attachment":[{"href":"https:\/\/shop.cart-city.com\/es\/wp-json\/wp\/v2\/media?parent=5098"}],"wp:term":[{"taxonomy":"product_brand","embeddable":true,"href":"https:\/\/shop.cart-city.com\/es\/wp-json\/wp\/v2\/product_brand?post=5098"},{"taxonomy":"product_cat","embeddable":true,"href":"https:\/\/shop.cart-city.com\/es\/wp-json\/wp\/v2\/product_cat?post=5098"},{"taxonomy":"product_tag","embeddable":true,"href":"https:\/\/shop.cart-city.com\/es\/wp-json\/wp\/v2\/product_tag?post=5098"}],"curies":[{"name":"wp","href":"https:\/\/api.w.org\/{rel}","templated":true}]}}