{"id":6292,"date":"2026-04-07T05:51:49","date_gmt":"2026-04-07T03:51:49","guid":{"rendered":"https:\/\/shop.cart-city.com\/?post_type=product&#038;p=6292"},"modified":"2026-04-07T06:10:54","modified_gmt":"2026-04-07T04:10:54","slug":"pequeno-carrito-de-plastico-80-l","status":"publish","type":"product","link":"https:\/\/shop.cart-city.com\/es\/produit\/pequeno-carrito-de-plastico-80-l\/","title":{"rendered":"Peque\u00f1o carrito de pl\u00e1stico 80 L"},"content":{"rendered":"<h3>Peque\u00f1o carrito de pl\u00e1stico 80 L<\/h3>\n<h5><em><strong>Compacto, manejable e ideal para tiendas de proximidad<\/strong><\/em><\/h5>\n<p>Optimice la experiencia de compra con nuestro peque\u00f1o carrito de pl\u00e1stico de 80 litros, especialmente dise\u00f1ado para tiendas urbanas y de proximidad. Gracias a su tama\u00f1o compacto y sus cuatro ruedas pivotantes, ofrece una manejabilidad excepcional, incluso en los pasillos m\u00e1s estrechos.<\/p>\n","protected":false},"excerpt":{"rendered":"<p>\ud83d\ude9a Entrega estimada: +\/- 10 d\u00edas laborables<\/p>\n<p><em><strong>Pedido m\u00ednimo:<\/strong> 10 unidades<\/em><\/p>\n<div style=\"border: 2px solid #f17136; padding: 14px; border-radius: 6px; background: #fff; max-width: 420px;\">\n<p><strong style=\"color: #f17136;\">TARIFAS DE ESCALA<\/strong><\/p>\n<p>20\u201329 unidades: <strong>115 \u20ac sin IVA<\/strong><br \/>\n30+ unidades: <strong>105 \u20ac sin IVA<\/strong><\/p>\n<p><em style=\"font-size: 0.9em; color: #555;\">Tarifas de escala aplicadas autom\u00e1ticamente seg\u00fan la cantidad. <strong>El total exacto sin IVA se mostrar\u00e1 en la cesta<\/strong>.<br \/>\n<\/em><\/p>\n<\/div>\n<p>&nbsp;<\/p>\n<p>Capacidad: <strong>80 L<\/strong><br \/>\nPeso: <strong>9 kg<\/strong><br \/>\nAnchura: <strong>49,5 cm<\/strong><br \/>\nLongitud: <strong>63 cm<\/strong><br \/>\nRuedas: <strong>pivotantes \u00d8 100 mm<\/strong><br \/>\nDistancia de apilamiento: <strong>11 carritos = 2 m<\/strong><br \/>\nMaterial: <strong>Polipropileno<\/strong><\/p>\n<p><strong><em>Fabricado en Europa<\/em><\/strong><\/p>\n","protected":false},"featured_media":5017,"comment_status":"open","ping_status":"closed","template":"","meta":{"site-sidebar-layout":"default","site-content-layout":"","ast-site-content-layout":"default","site-content-style":"default","site-sidebar-style":"default","ast-global-header-display":"","ast-banner-title-visibility":"","ast-main-header-display":"","ast-hfb-above-header-display":"","ast-hfb-below-header-display":"","ast-hfb-mobile-header-display":"","site-post-title":"","ast-breadcrumbs-content":"","ast-featured-img":"","footer-sml-layout":"","ast-disable-related-posts":"","theme-transparent-header-meta":"default","adv-header-id-meta":"","stick-header-meta":"default","header-above-stick-meta":"","header-main-stick-meta":"","header-below-stick-meta":"","astra-migrate-meta-layouts":"set","ast-page-background-enabled":"default","ast-page-background-meta":{"desktop":{"background-color":"var(--ast-global-color-4)","background-image":"","background-repeat":"repeat","background-position":"center center","background-size":"auto","background-attachment":"scroll","background-type":"","background-media":"","overlay-type":"","overlay-color":"","overlay-opacity":"","overlay-gradient":""},"tablet":{"background-color":"","background-image":"","background-repeat":"repeat","background-position":"center center","background-size":"auto","background-attachment":"scroll","background-type":"","background-media":"","overlay-type":"","overlay-color":"","overlay-opacity":"","overlay-gradient":""},"mobile":{"background-color":"","background-image":"","background-repeat":"repeat","background-position":"center center","background-size":"auto","background-attachment":"scroll","background-type":"","background-media":"","overlay-type":"","overlay-color":"","overlay-opacity":"","overlay-gradient":""}},"ast-content-background-meta":{"desktop":{"background-color":"var(--ast-global-color-5)","background-image":"","background-repeat":"repeat","background-position":"center center","background-size":"auto","background-attachment":"scroll","background-type":"","background-media":"","overlay-type":"","overlay-color":"","overlay-opacity":"","overlay-gradient":""},"tablet":{"background-color":"var(--ast-global-color-5)","background-image":"","background-repeat":"repeat","background-position":"center center","background-size":"auto","background-attachment":"scroll","background-type":"","background-media":"","overlay-type":"","overlay-color":"","overlay-opacity":"","overlay-gradient":""},"mobile":{"background-color":"var(--ast-global-color-5)","background-image":"","background-repeat":"repeat","background-position":"center center","background-size":"auto","background-attachment":"scroll","background-type":"","background-media":"","overlay-type":"","overlay-color":"","overlay-opacity":"","overlay-gradient":""}}},"product_brand":[],"product_cat":[110],"product_tag":[],"class_list":{"0":"post-6292","1":"product","2":"type-product","3":"status-publish","4":"has-post-thumbnail","6":"product_cat-carritos","7":"pa_couleur-amarillo","8":"pa_couleur-azul","9":"pa_couleur-naranja","10":"pa_couleur-negro","11":"pa_couleur-rojo","12":"pa_couleur-verde","13":"desktop-align-center","14":"tablet-align-left","15":"mobile-align-left","16":"ast-product-gallery-layout-first-image-large","17":"ast-magnify-disabled","18":"ast-product-single-variable","19":"ast-product-tabs-layout-accordion","20":"ast-qv-on-image","22":"first","23":"instock","24":"taxable","25":"shipping-taxable","26":"purchasable","27":"product-type-variable","28":"has-default-attributes","29":"wvs-archive-product-wrapper"},"group_of_quantity":0,"min_quantity":10,"max_quantity":"","exclude_order_quantity_value_rules":"no","exclude_category_quantity_rules":"no","combine_variations":"no","_links":{"self":[{"href":"https:\/\/shop.cart-city.com\/es\/wp-json\/wp\/v2\/product\/6292","targetHints":{"allow":["GET"]}}],"collection":[{"href":"https:\/\/shop.cart-city.com\/es\/wp-json\/wp\/v2\/product"}],"about":[{"href":"https:\/\/shop.cart-city.com\/es\/wp-json\/wp\/v2\/types\/product"}],"replies":[{"embeddable":true,"href":"https:\/\/shop.cart-city.com\/es\/wp-json\/wp\/v2\/comments?post=6292"}],"version-history":[{"count":2,"href":"https:\/\/shop.cart-city.com\/es\/wp-json\/wp\/v2\/product\/6292\/revisions"}],"predecessor-version":[{"id":6317,"href":"https:\/\/shop.cart-city.com\/es\/wp-json\/wp\/v2\/product\/6292\/revisions\/6317"}],"wp:featuredmedia":[{"embeddable":true,"href":"https:\/\/shop.cart-city.com\/es\/wp-json\/wp\/v2\/media\/5017"}],"wp:attachment":[{"href":"https:\/\/shop.cart-city.com\/es\/wp-json\/wp\/v2\/media?parent=6292"}],"wp:term":[{"taxonomy":"product_brand","embeddable":true,"href":"https:\/\/shop.cart-city.com\/es\/wp-json\/wp\/v2\/product_brand?post=6292"},{"taxonomy":"product_cat","embeddable":true,"href":"https:\/\/shop.cart-city.com\/es\/wp-json\/wp\/v2\/product_cat?post=6292"},{"taxonomy":"product_tag","embeddable":true,"href":"https:\/\/shop.cart-city.com\/es\/wp-json\/wp\/v2\/product_tag?post=6292"}],"curies":[{"name":"wp","href":"https:\/\/api.w.org\/{rel}","templated":true}]}}